{"id":1355,"date":"2021-10-19T22:51:44","date_gmt":"2021-10-19T22:51:44","guid":{"rendered":"https:\/\/acostayasociados.mx\/the-firm\/"},"modified":"2024-11-01T17:55:17","modified_gmt":"2024-11-01T17:55:17","slug":"the-firm","status":"publish","type":"page","link":"https:\/\/acostayasociados.mx\/en\/the-firm\/","title":{"rendered":"The firm"},"content":{"rendered":"\t\t<div data-elementor-type=\"wp-page\" data-elementor-id=\"1355\" class=\"elementor elementor-1355 elementor-126\">\n\t\t\t\t\t\t<section class=\"elementor-section elementor-top-section elementor-element elementor-element-8eafc5f elementor-section-full_width elementor-section-height-default elementor-section-height-default\" data-id=\"8eafc5f\" data-element_type=\"section\" data-settings=\"{&quot;background_background&quot;:&quot;classic&quot;}\">\n\t\t\t\t\t\t<div class=\"elementor-container elementor-column-gap-no\">\n\t\t\t\t\t<div class=\"elementor-column elementor-col-100 elementor-top-column elementor-element elementor-element-56cb75c\" data-id=\"56cb75c\" data-element_type=\"column\">\n\t\t\t<div class=\"elementor-widget-wrap elementor-element-populated\">\n\t\t\t\t\t\t<div class=\"elementor-element elementor-element-1bbfa58 elementor-widget elementor-widget-wpo-canun_about\" data-id=\"1bbfa58\" data-element_type=\"widget\" data-settings=\"{&quot;signeture_image&quot;:{&quot;url&quot;:&quot;&quot;,&quot;id&quot;:&quot;&quot;,&quot;size&quot;:&quot;&quot;,&quot;alt&quot;:&quot;&quot;,&quot;source&quot;:&quot;library&quot;},&quot;about_image&quot;:{&quot;url&quot;:&quot;https:\\\/\\\/acostayasociados.mx\\\/wp-content\\\/uploads\\\/2024\\\/10\\\/IMG_1529.jpg&quot;,&quot;id&quot;:1473,&quot;size&quot;:&quot;&quot;,&quot;alt&quot;:&quot;&quot;,&quot;source&quot;:&quot;library&quot;}}\" data-widget_type=\"wpo-canun_about.default\">\n\t\t\t\t<div class=\"elementor-widget-container\">\n\t\t\t\n\t\t\t\t<div class=\"wpo-about-section\">\n\t\t    <div class=\"container\">\n\t\t        <div class=\"wpo-about-section-wrapper\">\n\t\t            <div class=\"row align-items-center\">\n\t\t                <div class=\"col-lg-5 col-md-12 col-12\">\n\t\t                    <div class=\"wpo-about-img\">\n\t\t                      <img decoding=\"async\" class=\"img-responlsive\" src=\"https:\/\/acostayasociados.mx\/wp-content\/uploads\/2024\/10\/IMG_1529.jpg\" alt=\"\">\t\n\t\t                    <\/div>\n\t\t                <\/div>\n\t\t                <div class=\"col-lg-7 col-md-12 col-12\">\n\t\t                    <div class=\"wpo-about-content\">\n\t\t                        <div class=\"wpo-section-title\">\n\t\t                            <h2>Historia<\/h2>\t\t                        <\/div>\n\t\t                        <div class=\"wpo-about-content-inner\">\n\t\t                           <p>Acosta &amp; Asociados, es considerado, desde hace m\u00e1s de 40 a\u00f1os, como uno de los <strong>despachos m\u00e1s prestigiados y exitosos de Guadalajara<\/strong>, Jalisco, debido a la seriedad, profesionalismo y calidad de los servicios legales que presta.<\/p><p>El despacho Acosta &amp; Asociados, fue fundado en 1958 por Ramiro Acosta Castillo, en la ciudad de Guadalajara, Jalisco.<\/p><p>En un inicio se form\u00f3 como despacho independiente, con el transcurso del tiempo se fueron incorporando diversos abogados y desde el a\u00f1o de 1994 se constituy\u00f3 como sociedad civil.<\/p>\t\t                            <div class=\"signeture\">\n\t\t\t                            \t\t                              <span>\n\t\t                               \t\n\t\t                              <\/span>\n\t\t                            <\/div>\n\t\t                        <\/div>\n\t\t                    <\/div>\n\t\t                <\/div>\n\t\t            <\/div>\n\t\t        <\/div>\n\t\t    <\/div>\n\t\t<\/div>\n\t\t\t\t<\/div>\n\t\t\t\t<\/div>\n\t\t\t\t\t<\/div>\n\t\t<\/div>\n\t\t\t\t\t<\/div>\n\t\t<\/section>\n\t\t\t\t<section class=\"elementor-section elementor-top-section elementor-element elementor-element-3773c7e elementor-section-boxed elementor-section-height-default elementor-section-height-default\" data-id=\"3773c7e\" data-element_type=\"section\" data-settings=\"{&quot;background_background&quot;:&quot;classic&quot;}\">\n\t\t\t\t\t\t\t<div class=\"elementor-background-overlay\"><\/div>\n\t\t\t\t\t\t\t<div class=\"elementor-container elementor-column-gap-no\">\n\t\t\t\t\t<div class=\"elementor-column elementor-col-100 elementor-top-column elementor-element elementor-element-9744a05\" data-id=\"9744a05\" data-element_type=\"column\">\n\t\t\t<div class=\"elementor-widget-wrap elementor-element-populated\">\n\t\t\t\t\t\t<div class=\"elementor-element elementor-element-51501ff elementor-widget elementor-widget-heading\" data-id=\"51501ff\" data-element_type=\"widget\" data-widget_type=\"heading.default\">\n\t\t\t\t<div class=\"elementor-widget-container\">\n\t\t\t<p class=\"elementor-heading-title elementor-size-default\">In the firm, various highly prestigious lawyers have provided professional services in the forum and others were forged, who subsequently have served successfully as notaries public, magistrates, judges, public administration officials, university professors, union leaders and business leaders.<\/p>\t\t<\/div>\n\t\t\t\t<\/div>\n\t\t\t\t\t<\/div>\n\t\t<\/div>\n\t\t\t\t\t<\/div>\n\t\t<\/section>\n\t\t\t\t<section class=\"elementor-section elementor-top-section elementor-element elementor-element-8179260 elementor-section-full_width mision-vision elementor-section-height-default elementor-section-height-default\" data-id=\"8179260\" data-element_type=\"section\">\n\t\t\t\t\t\t<div class=\"elementor-container elementor-column-gap-no\">\n\t\t\t\t\t<div class=\"elementor-column elementor-col-100 elementor-top-column elementor-element elementor-element-fc61d2a\" data-id=\"fc61d2a\" data-element_type=\"column\">\n\t\t\t<div class=\"elementor-widget-wrap elementor-element-populated\">\n\t\t\t\t\t\t<div class=\"elementor-element elementor-element-82f413f elementor-widget elementor-widget-wpo-canun_feature\" data-id=\"82f413f\" data-element_type=\"widget\" data-widget_type=\"wpo-canun_feature.default\">\n\t\t\t\t<div class=\"elementor-widget-container\">\n\t\t\t\t\t<div class=\"wpo-features-section-s2\">\n    \t<div class=\"container\">\n    \t\t<div class=\"wpo-features-wrapper\">\n        \t<div class=\"row\">\n\t\t                <div class=\"col-lg-4 col-md-6 col-12\">\n              <div class=\"wpo-features-item\">\n                  <div class=\"wpo-features-icon\">\n                      <div class=\"icon\">\n                         <i class=\"fi flaticon-badge\"><\/i>                      <\/div>\n                  <\/div>\n                  <div class=\"wpo-features-text\">\n                     <h2>Misi\u00f3n<\/h2><p>Satisfacer las expectativas de nuestros clientes, colaboradores, asociados y socios, a trav\u00e9s de la prestaci\u00f3n de servicios profesionales en materia legal, con un alto nivel de calidad, honestidad y eficiencia para poder defender diligentemente y con estricto apego a las normas morales, los derechos de nuestros clientes.<\/p>                  <\/div>\n                  <div class=\"visible-icon\">\n                     <i class=\"fi flaticon-badge\"><\/i>                  <\/div>\n              <\/div>\n          \t<\/div>\n\t\t                <div class=\"col-lg-4 col-md-6 col-12\">\n              <div class=\"wpo-features-item\">\n                  <div class=\"wpo-features-icon\">\n                      <div class=\"icon\">\n                         <i class=\"fi flaticon-balance\"><\/i>                      <\/div>\n                  <\/div>\n                  <div class=\"wpo-features-text\">\n                     <h2>Visi\u00f3n<\/h2><p>A trav\u00e9s de la experiencia innovadora y el compromiso hacia la gente seremos\nl\u00edderes en la prestaci\u00f3n de servicios profesionales de asesor\u00eda legal.\n<\/p>                  <\/div>\n                  <div class=\"visible-icon\">\n                     <i class=\"fi flaticon-balance\"><\/i>                  <\/div>\n              <\/div>\n          \t<\/div>\n\t\t      \t\t  \t\t<\/div>\n\t\t  \t<\/div>\n\t\t  <\/div>\n\t\t<\/div>\n\t\t\t\t<\/div>\n\t\t\t\t<\/div>\n\t\t\t\t\t<\/div>\n\t\t<\/div>\n\t\t\t\t\t<\/div>\n\t\t<\/section>\n\t\t\t\t<\/div>\n\t\t","protected":false},"excerpt":{"rendered":"Historia Acosta &amp; Asociados, es considerado, desde hace m\u00e1s de 40 a\u00f1os, como uno de los despachos m\u00e1s prestigiados y exitosos de Guadalajara, Jalisco, debido a la seriedad, profesionalismo y calidad de los servicios legales que presta. El despacho Acosta &amp; Asociados, fue fundado en 1958 por Ramiro Acosta Castillo, en la ciudad de Guadalajara, ","protected":false},"author":1,"featured_media":0,"parent":0,"menu_order":0,"comment_status":"closed","ping_status":"closed","template":"elementor_header_footer","meta":{"_joinchat":[],"footnotes":""},"class_list":["post-1355","page","type-page","status-publish","hentry"],"yoast_head":"<!-- This site is optimized with the Yoast SEO plugin v23.7 - https:\/\/yoast.com\/wordpress\/plugins\/seo\/ -->\n<title>The firm - Acosta y Asociados<\/title>\n<meta name=\"robots\" content=\"index, follow, max-snippet:-1, max-image-preview:large, max-video-preview:-1\" \/>\n<link rel=\"canonical\" href=\"https:\/\/acostayasociados.mx\/en\/the-firm\/\" \/>\n<meta property=\"og:locale\" content=\"en_US\" \/>\n<meta property=\"og:type\" content=\"article\" \/>\n<meta property=\"og:title\" content=\"The firm - Acosta y Asociados\" \/>\n<meta property=\"og:description\" content=\"Historia Acosta &amp; Asociados, es considerado, desde hace m\u00e1s de 40 a\u00f1os, como uno de los despachos m\u00e1s prestigiados y exitosos de Guadalajara, Jalisco, debido a la seriedad, profesionalismo y calidad de los servicios legales que presta. El despacho Acosta &amp; Asociados, fue fundado en 1958 por Ramiro Acosta Castillo, en la ciudad de Guadalajara,\" \/>\n<meta property=\"og:url\" content=\"https:\/\/acostayasociados.mx\/en\/the-firm\/\" \/>\n<meta property=\"og:site_name\" content=\"Acosta y Asociados\" \/>\n<meta property=\"article:publisher\" content=\"https:\/\/www.facebook.com\/Acosta-Asociados-121002387973369\" \/>\n<meta property=\"article:modified_time\" content=\"2024-11-01T17:55:17+00:00\" \/>\n<meta property=\"og:image\" content=\"https:\/\/acostayasociados.mx\/wp-content\/uploads\/2024\/10\/IMG_1529.jpg\" \/>\n<meta name=\"twitter:card\" content=\"summary_large_image\" \/>\n<meta name=\"twitter:label1\" content=\"Est. reading time\" \/>\n\t<meta name=\"twitter:data1\" content=\"1 minute\" \/>\n<script type=\"application\/ld+json\" class=\"yoast-schema-graph\">{\"@context\":\"https:\/\/schema.org\",\"@graph\":[{\"@type\":\"WebPage\",\"@id\":\"https:\/\/acostayasociados.mx\/en\/the-firm\/\",\"url\":\"https:\/\/acostayasociados.mx\/en\/the-firm\/\",\"name\":\"The firm - Acosta y Asociados\",\"isPartOf\":{\"@id\":\"https:\/\/acostayasociados.mx\/#website\"},\"primaryImageOfPage\":{\"@id\":\"https:\/\/acostayasociados.mx\/en\/the-firm\/#primaryimage\"},\"image\":{\"@id\":\"https:\/\/acostayasociados.mx\/en\/the-firm\/#primaryimage\"},\"thumbnailUrl\":\"https:\/\/acostayasociados.mx\/wp-content\/uploads\/2024\/10\/IMG_1529.jpg\",\"datePublished\":\"2021-10-19T22:51:44+00:00\",\"dateModified\":\"2024-11-01T17:55:17+00:00\",\"breadcrumb\":{\"@id\":\"https:\/\/acostayasociados.mx\/en\/the-firm\/#breadcrumb\"},\"inLanguage\":\"en-US\",\"potentialAction\":[{\"@type\":\"ReadAction\",\"target\":[\"https:\/\/acostayasociados.mx\/en\/the-firm\/\"]}]},{\"@type\":\"ImageObject\",\"inLanguage\":\"en-US\",\"@id\":\"https:\/\/acostayasociados.mx\/en\/the-firm\/#primaryimage\",\"url\":\"https:\/\/acostayasociados.mx\/wp-content\/uploads\/2024\/10\/IMG_1529.jpg\",\"contentUrl\":\"https:\/\/acostayasociados.mx\/wp-content\/uploads\/2024\/10\/IMG_1529.jpg\"},{\"@type\":\"BreadcrumbList\",\"@id\":\"https:\/\/acostayasociados.mx\/en\/the-firm\/#breadcrumb\",\"itemListElement\":[{\"@type\":\"ListItem\",\"position\":1,\"name\":\"Portada\",\"item\":\"https:\/\/acostayasociados.mx\/en\/\"},{\"@type\":\"ListItem\",\"position\":2,\"name\":\"The firm\"}]},{\"@type\":\"WebSite\",\"@id\":\"https:\/\/acostayasociados.mx\/#website\",\"url\":\"https:\/\/acostayasociados.mx\/\",\"name\":\"Acosta y Asociados\",\"description\":\"Servicios Legales especializados\",\"publisher\":{\"@id\":\"https:\/\/acostayasociados.mx\/#organization\"},\"potentialAction\":[{\"@type\":\"SearchAction\",\"target\":{\"@type\":\"EntryPoint\",\"urlTemplate\":\"https:\/\/acostayasociados.mx\/?s={search_term_string}\"},\"query-input\":{\"@type\":\"PropertyValueSpecification\",\"valueRequired\":true,\"valueName\":\"search_term_string\"}}],\"inLanguage\":\"en-US\"},{\"@type\":\"Organization\",\"@id\":\"https:\/\/acostayasociados.mx\/#organization\",\"name\":\"Acosta y Asociados\",\"url\":\"https:\/\/acostayasociados.mx\/\",\"logo\":{\"@type\":\"ImageObject\",\"inLanguage\":\"en-US\",\"@id\":\"https:\/\/acostayasociados.mx\/#\/schema\/logo\/image\/\",\"url\":\"https:\/\/acostayasociados.mx\/wp-content\/uploads\/2021\/10\/logotipo-acosta.jpeg\",\"contentUrl\":\"https:\/\/acostayasociados.mx\/wp-content\/uploads\/2021\/10\/logotipo-acosta.jpeg\",\"width\":311,\"height\":90,\"caption\":\"Acosta y Asociados\"},\"image\":{\"@id\":\"https:\/\/acostayasociados.mx\/#\/schema\/logo\/image\/\"},\"sameAs\":[\"https:\/\/www.facebook.com\/Acosta-Asociados-121002387973369\"]}]}<\/script>\n<!-- \/ Yoast SEO plugin. -->","yoast_head_json":{"title":"The firm - Acosta y Asociados","robots":{"index":"index","follow":"follow","max-snippet":"max-snippet:-1","max-image-preview":"max-image-preview:large","max-video-preview":"max-video-preview:-1"},"canonical":"https:\/\/acostayasociados.mx\/en\/the-firm\/","og_locale":"en_US","og_type":"article","og_title":"The firm - Acosta y Asociados","og_description":"Historia Acosta &amp; Asociados, es considerado, desde hace m\u00e1s de 40 a\u00f1os, como uno de los despachos m\u00e1s prestigiados y exitosos de Guadalajara, Jalisco, debido a la seriedad, profesionalismo y calidad de los servicios legales que presta. El despacho Acosta &amp; Asociados, fue fundado en 1958 por Ramiro Acosta Castillo, en la ciudad de Guadalajara,","og_url":"https:\/\/acostayasociados.mx\/en\/the-firm\/","og_site_name":"Acosta y Asociados","article_publisher":"https:\/\/www.facebook.com\/Acosta-Asociados-121002387973369","article_modified_time":"2024-11-01T17:55:17+00:00","og_image":[{"url":"https:\/\/acostayasociados.mx\/wp-content\/uploads\/2024\/10\/IMG_1529.jpg"}],"twitter_card":"summary_large_image","twitter_misc":{"Est. reading time":"1 minute"},"schema":{"@context":"https:\/\/schema.org","@graph":[{"@type":"WebPage","@id":"https:\/\/acostayasociados.mx\/en\/the-firm\/","url":"https:\/\/acostayasociados.mx\/en\/the-firm\/","name":"The firm - Acosta y Asociados","isPartOf":{"@id":"https:\/\/acostayasociados.mx\/#website"},"primaryImageOfPage":{"@id":"https:\/\/acostayasociados.mx\/en\/the-firm\/#primaryimage"},"image":{"@id":"https:\/\/acostayasociados.mx\/en\/the-firm\/#primaryimage"},"thumbnailUrl":"https:\/\/acostayasociados.mx\/wp-content\/uploads\/2024\/10\/IMG_1529.jpg","datePublished":"2021-10-19T22:51:44+00:00","dateModified":"2024-11-01T17:55:17+00:00","breadcrumb":{"@id":"https:\/\/acostayasociados.mx\/en\/the-firm\/#breadcrumb"},"inLanguage":"en-US","potentialAction":[{"@type":"ReadAction","target":["https:\/\/acostayasociados.mx\/en\/the-firm\/"]}]},{"@type":"ImageObject","inLanguage":"en-US","@id":"https:\/\/acostayasociados.mx\/en\/the-firm\/#primaryimage","url":"https:\/\/acostayasociados.mx\/wp-content\/uploads\/2024\/10\/IMG_1529.jpg","contentUrl":"https:\/\/acostayasociados.mx\/wp-content\/uploads\/2024\/10\/IMG_1529.jpg"},{"@type":"BreadcrumbList","@id":"https:\/\/acostayasociados.mx\/en\/the-firm\/#breadcrumb","itemListElement":[{"@type":"ListItem","position":1,"name":"Portada","item":"https:\/\/acostayasociados.mx\/en\/"},{"@type":"ListItem","position":2,"name":"The firm"}]},{"@type":"WebSite","@id":"https:\/\/acostayasociados.mx\/#website","url":"https:\/\/acostayasociados.mx\/","name":"Acosta y Asociados","description":"Servicios Legales especializados","publisher":{"@id":"https:\/\/acostayasociados.mx\/#organization"},"potentialAction":[{"@type":"SearchAction","target":{"@type":"EntryPoint","urlTemplate":"https:\/\/acostayasociados.mx\/?s={search_term_string}"},"query-input":{"@type":"PropertyValueSpecification","valueRequired":true,"valueName":"search_term_string"}}],"inLanguage":"en-US"},{"@type":"Organization","@id":"https:\/\/acostayasociados.mx\/#organization","name":"Acosta y Asociados","url":"https:\/\/acostayasociados.mx\/","logo":{"@type":"ImageObject","inLanguage":"en-US","@id":"https:\/\/acostayasociados.mx\/#\/schema\/logo\/image\/","url":"https:\/\/acostayasociados.mx\/wp-content\/uploads\/2021\/10\/logotipo-acosta.jpeg","contentUrl":"https:\/\/acostayasociados.mx\/wp-content\/uploads\/2021\/10\/logotipo-acosta.jpeg","width":311,"height":90,"caption":"Acosta y Asociados"},"image":{"@id":"https:\/\/acostayasociados.mx\/#\/schema\/logo\/image\/"},"sameAs":["https:\/\/www.facebook.com\/Acosta-Asociados-121002387973369"]}]}},"_links":{"self":[{"href":"https:\/\/acostayasociados.mx\/en\/wp-json\/wp\/v2\/pages\/1355","targetHints":{"allow":["GET"]}}],"collection":[{"href":"https:\/\/acostayasociados.mx\/en\/wp-json\/wp\/v2\/pages"}],"about":[{"href":"https:\/\/acostayasociados.mx\/en\/wp-json\/wp\/v2\/types\/page"}],"author":[{"embeddable":true,"href":"https:\/\/acostayasociados.mx\/en\/wp-json\/wp\/v2\/users\/1"}],"replies":[{"embeddable":true,"href":"https:\/\/acostayasociados.mx\/en\/wp-json\/wp\/v2\/comments?post=1355"}],"version-history":[{"count":9,"href":"https:\/\/acostayasociados.mx\/en\/wp-json\/wp\/v2\/pages\/1355\/revisions"}],"predecessor-version":[{"id":1516,"href":"https:\/\/acostayasociados.mx\/en\/wp-json\/wp\/v2\/pages\/1355\/revisions\/1516"}],"wp:attachment":[{"href":"https:\/\/acostayasociados.mx\/en\/wp-json\/wp\/v2\/media?parent=1355"}],"curies":[{"name":"wp","href":"https:\/\/api.w.org\/{rel}","templated":true}]}}