{"id":1349,"date":"2021-10-19T22:50:11","date_gmt":"2021-10-19T22:50:11","guid":{"rendered":"https:\/\/acostayasociados.mx\/the-team\/"},"modified":"2024-11-01T17:52:01","modified_gmt":"2024-11-01T17:52:01","slug":"the-team","status":"publish","type":"page","link":"https:\/\/acostayasociados.mx\/en\/the-team\/","title":{"rendered":"The team"},"content":{"rendered":"\t\t<div data-elementor-type=\"wp-page\" data-elementor-id=\"1349\" class=\"elementor elementor-1349 elementor-75\">\n\t\t\t\t\t\t<section class=\"elementor-section elementor-top-section elementor-element elementor-element-0e47085 elementor-section-full_width elementor-section-height-default elementor-section-height-default\" data-id=\"0e47085\" data-element_type=\"section\" data-settings=\"{&quot;background_background&quot;:&quot;classic&quot;}\">\n\t\t\t\t\t\t<div class=\"elementor-container elementor-column-gap-no\">\n\t\t\t\t\t<div class=\"elementor-column elementor-col-100 elementor-top-column elementor-element elementor-element-0650bf1\" data-id=\"0650bf1\" data-element_type=\"column\">\n\t\t\t<div class=\"elementor-widget-wrap elementor-element-populated\">\n\t\t\t\t\t\t<div class=\"elementor-element elementor-element-e0f631d elementor-widget elementor-widget-wpo-canun_about\" data-id=\"e0f631d\" data-element_type=\"widget\" data-settings=\"{&quot;signeture_image&quot;:{&quot;url&quot;:&quot;&quot;,&quot;id&quot;:&quot;&quot;,&quot;size&quot;:&quot;&quot;,&quot;alt&quot;:&quot;&quot;,&quot;source&quot;:&quot;library&quot;},&quot;about_image&quot;:{&quot;url&quot;:&quot;https:\\\/\\\/acostayasociados.mx\\\/wp-content\\\/uploads\\\/2024\\\/10\\\/IMG_1527.jpg&quot;,&quot;id&quot;:1478,&quot;size&quot;:&quot;&quot;,&quot;alt&quot;:&quot;&quot;,&quot;source&quot;:&quot;library&quot;}}\" data-widget_type=\"wpo-canun_about.default\">\n\t\t\t\t<div class=\"elementor-widget-container\">\n\t\t\t\n\t\t\t\t<div class=\"wpo-about-section\">\n\t\t    <div class=\"container\">\n\t\t        <div class=\"wpo-about-section-wrapper\">\n\t\t            <div class=\"row align-items-center\">\n\t\t                <div class=\"col-lg-5 col-md-12 col-12\">\n\t\t                    <div class=\"wpo-about-img\">\n\t\t                      <img decoding=\"async\" class=\"img-responlsive\" src=\"https:\/\/acostayasociados.mx\/wp-content\/uploads\/2024\/10\/IMG_1527.jpg\" alt=\"\">\t\n\t\t                    <\/div>\n\t\t                <\/div>\n\t\t                <div class=\"col-lg-7 col-md-12 col-12\">\n\t\t                    <div class=\"wpo-about-content\">\n\t\t                        <div class=\"wpo-section-title\">\n\t\t                            <h2>Acosta y Asociados<\/h2>\t\t                        <\/div>\n\t\t                        <div class=\"wpo-about-content-inner\">\n\t\t                           <p>Los abogados de Acosta &amp; Asociados, son egresados de la Universidad de Guadalajara, la Universidad Panamericana y del Instituto Tecnol\u00f3gico y de Estudios Superiores de Monterrey (ITESM), adem\u00e1s cuentan con estudios de especialidad y postgrado.<\/p><p>Algunos de los miembros del despacho se desempe\u00f1an como catedr\u00e1ticos en la Universidad de Guadalajara, la Universidad Panamericana y del Instituto Tecnol\u00f3gico y de Estudios Superiores de Monterrey (ITESM), en donde han impartido diversas conferencias, adem\u00e1s de las materias de Obligaciones, Contratos, Derecho Procesal Civil, T\u00edtulos y Operaciones de Cr\u00e9dito, Concursos Mercantiles, Sucesiones, Derecho de la Propiedad Industrial y Derecho Fiscal.<\/p><p>Asimismo, participan activamente en la Barra Mexicana, Colegio de Abogados, A.C., la Uni\u00f3n Internationale Des Avocats (UIA) y la Internacional Bar Association (IBA).<\/p><p>De igual forma se desempe\u00f1an como consejeros y asesores de diversas empresas y c\u00e1maras empresariales.<\/p>\t\t                            <div class=\"signeture\">\n\t\t\t                            \t\t                              <span>\n\t\t                               \t\n\t\t                              <\/span>\n\t\t                            <\/div>\n\t\t                        <\/div>\n\t\t                    <\/div>\n\t\t                <\/div>\n\t\t            <\/div>\n\t\t        <\/div>\n\t\t    <\/div>\n\t\t<\/div>\n\t\t\t\t<\/div>\n\t\t\t\t<\/div>\n\t\t\t\t\t<\/div>\n\t\t<\/div>\n\t\t\t\t\t<\/div>\n\t\t<\/section>\n\t\t\t\t<section class=\"elementor-section elementor-top-section elementor-element elementor-element-ca61c44 row-clientes elementor-section-boxed elementor-section-height-default elementor-section-height-default\" data-id=\"ca61c44\" data-element_type=\"section\" data-settings=\"{&quot;background_background&quot;:&quot;classic&quot;}\">\n\t\t\t\t\t\t\t<div class=\"elementor-background-overlay\"><\/div>\n\t\t\t\t\t\t\t<div class=\"elementor-container elementor-column-gap-default\">\n\t\t\t\t\t<div class=\"elementor-column elementor-col-100 elementor-top-column elementor-element elementor-element-7f579d7\" data-id=\"7f579d7\" data-element_type=\"column\">\n\t\t\t<div class=\"elementor-widget-wrap elementor-element-populated\">\n\t\t\t\t\t\t<section class=\"elementor-section elementor-inner-section elementor-element elementor-element-239ca72 elementor-section-boxed elementor-section-height-default elementor-section-height-default\" data-id=\"239ca72\" data-element_type=\"section\">\n\t\t\t\t\t\t<div class=\"elementor-container elementor-column-gap-default\">\n\t\t\t\t\t<div class=\"elementor-column elementor-col-100 elementor-inner-column elementor-element elementor-element-c2f6013\" data-id=\"c2f6013\" data-element_type=\"column\">\n\t\t\t<div class=\"elementor-widget-wrap elementor-element-populated\">\n\t\t\t\t\t\t<div class=\"elementor-element elementor-element-e9dfc21 elementor-widget elementor-widget-wpo-canun_title\" data-id=\"e9dfc21\" data-element_type=\"widget\" data-widget_type=\"wpo-canun_title.default\">\n\t\t\t\t<div class=\"elementor-widget-container\">\n\t\t\t    <div class=\"wpo-section-area\">\n    \t<div class=\"container\">\n    \t\t<div class=\"row align-items-center\">\n          <div class=\"col-lg-5\">\n              <div class=\"wpo-section-title\">\n                 <h2>El equipo<\/h2>              <\/div>\n          <\/div>\n          <div class=\"col-lg-5 offset-lg-2\">\n              <div class=\"wpo-section-title\">\n                <p>\n<\/p>              <\/div>\n          <\/div>\n      \t<\/div>\n    \t<\/div>\n\t<\/div>\n\t\t \t\t\t<\/div>\n\t\t\t\t<\/div>\n\t\t\t\t\t<\/div>\n\t\t<\/div>\n\t\t\t\t\t<\/div>\n\t\t<\/section>\n\t\t\t\t<section class=\"elementor-section elementor-inner-section elementor-element elementor-element-fdfccfa elementor-section-boxed elementor-section-height-default elementor-section-height-default\" data-id=\"fdfccfa\" data-element_type=\"section\">\n\t\t\t\t\t\t<div class=\"elementor-container elementor-column-gap-default\">\n\t\t\t\t\t<div class=\"elementor-column elementor-col-33 elementor-inner-column elementor-element elementor-element-b5a1774\" data-id=\"b5a1774\" data-element_type=\"column\">\n\t\t\t<div class=\"elementor-widget-wrap elementor-element-populated\">\n\t\t\t\t\t\t<div class=\"elementor-element elementor-element-a5addf9 elementor-widget elementor-widget-heading\" data-id=\"a5addf9\" data-element_type=\"widget\" data-widget_type=\"heading.default\">\n\t\t\t\t<div class=\"elementor-widget-container\">\n\t\t\t<h3 class=\"elementor-heading-title elementor-size-default\">Partners<\/h3>\t\t<\/div>\n\t\t\t\t<\/div>\n\t\t\t\t<div class=\"elementor-element elementor-element-1479e0b elementor-icon-list--layout-traditional elementor-list-item-link-full_width elementor-widget elementor-widget-icon-list\" data-id=\"1479e0b\" data-element_type=\"widget\" data-widget_type=\"icon-list.default\">\n\t\t\t\t<div class=\"elementor-widget-container\">\n\t\t\t\t\t<ul class=\"elementor-icon-list-items\">\n\t\t\t\t\t\t\t<li class=\"elementor-icon-list-item\">\n\t\t\t\t\t\t\t\t\t\t<span class=\"elementor-icon-list-text\">Ramiro Acosta Castillo +<\/span>\n\t\t\t\t\t\t\t\t\t<\/li>\n\t\t\t\t\t\t\t\t<li class=\"elementor-icon-list-item\">\n\t\t\t\t\t\t\t\t\t\t<span class=\"elementor-icon-list-text\">Rub\u00e9n Acosta Gonz\u00e1lez<\/span>\n\t\t\t\t\t\t\t\t\t<\/li>\n\t\t\t\t\t\t\t\t<li class=\"elementor-icon-list-item\">\n\t\t\t\t\t\t\t\t\t\t<span class=\"elementor-icon-list-text\">Rodolfo Acosta Gonz\u00e1lez<\/span>\n\t\t\t\t\t\t\t\t\t<\/li>\n\t\t\t\t\t\t\t\t<li class=\"elementor-icon-list-item\">\n\t\t\t\t\t\t\t\t\t\t<span class=\"elementor-icon-list-text\">Rodrigo \u00c1lvarez Tostado Saucedo<\/span>\n\t\t\t\t\t\t\t\t\t<\/li>\n\t\t\t\t\t\t\t\t<li class=\"elementor-icon-list-item\">\n\t\t\t\t\t\t\t\t\t\t<span class=\"elementor-icon-list-text\">Salvador Bucio Acosta<\/span>\n\t\t\t\t\t\t\t\t\t<\/li>\n\t\t\t\t\t\t\t\t<li class=\"elementor-icon-list-item\">\n\t\t\t\t\t\t\t\t\t\t<span class=\"elementor-icon-list-text\">Osmin Alejandro Millanes Hernandez<\/span>\n\t\t\t\t\t\t\t\t\t<\/li>\n\t\t\t\t\t\t\t\t<li class=\"elementor-icon-list-item\">\n\t\t\t\t\t\t\t\t\t\t<span class=\"elementor-icon-list-text\">Carlos Ivan Marino Estrada<\/span>\n\t\t\t\t\t\t\t\t\t<\/li>\n\t\t\t\t\t\t\t\t<li class=\"elementor-icon-list-item\">\n\t\t\t\t\t\t\t\t\t\t<span class=\"elementor-icon-list-text\">Erick German Bauche Viramontes<\/span>\n\t\t\t\t\t\t\t\t\t<\/li>\n\t\t\t\t\t\t<\/ul>\n\t\t\t\t<\/div>\n\t\t\t\t<\/div>\n\t\t\t\t\t<\/div>\n\t\t<\/div>\n\t\t\t\t<div class=\"elementor-column elementor-col-33 elementor-inner-column elementor-element elementor-element-2745b30\" data-id=\"2745b30\" data-element_type=\"column\">\n\t\t\t<div class=\"elementor-widget-wrap elementor-element-populated\">\n\t\t\t\t\t\t<div class=\"elementor-element elementor-element-53278b6 elementor-widget elementor-widget-heading\" data-id=\"53278b6\" data-element_type=\"widget\" data-widget_type=\"heading.default\">\n\t\t\t\t<div class=\"elementor-widget-container\">\n\t\t\t<h3 class=\"elementor-heading-title elementor-size-default\">Associates<\/h3>\t\t<\/div>\n\t\t\t\t<\/div>\n\t\t\t\t<div class=\"elementor-element elementor-element-6744fca elementor-icon-list--layout-traditional elementor-list-item-link-full_width elementor-widget elementor-widget-icon-list\" data-id=\"6744fca\" data-element_type=\"widget\" data-widget_type=\"icon-list.default\">\n\t\t\t\t<div class=\"elementor-widget-container\">\n\t\t\t\t\t<ul class=\"elementor-icon-list-items\">\n\t\t\t\t\t\t\t<li class=\"elementor-icon-list-item\">\n\t\t\t\t\t\t\t\t\t\t<span class=\"elementor-icon-list-text\">David Aaron Flores Rodr\u00edguez<\/span>\n\t\t\t\t\t\t\t\t\t<\/li>\n\t\t\t\t\t\t\t\t<li class=\"elementor-icon-list-item\">\n\t\t\t\t\t\t\t\t\t\t<span class=\"elementor-icon-list-text\">Juan Manuel Orozco Jasso<\/span>\n\t\t\t\t\t\t\t\t\t<\/li>\n\t\t\t\t\t\t\t\t<li class=\"elementor-icon-list-item\">\n\t\t\t\t\t\t\t\t\t\t<span class=\"elementor-icon-list-text\">Jos\u00e9 Alberto Avelar Soltero<\/span>\n\t\t\t\t\t\t\t\t\t<\/li>\n\t\t\t\t\t\t\t\t<li class=\"elementor-icon-list-item\">\n\t\t\t\t\t\t\t\t\t\t<span class=\"elementor-icon-list-text\"><\/span>\n\t\t\t\t\t\t\t\t\t<\/li>\n\t\t\t\t\t\t<\/ul>\n\t\t\t\t<\/div>\n\t\t\t\t<\/div>\n\t\t\t\t<div class=\"elementor-element elementor-element-6327995 elementor-widget elementor-widget-heading\" data-id=\"6327995\" data-element_type=\"widget\" data-widget_type=\"heading.default\">\n\t\t\t\t<div class=\"elementor-widget-container\">\n\t\t\t<h3 class=\"elementor-heading-title elementor-size-default\">Interns<\/h3>\t\t<\/div>\n\t\t\t\t<\/div>\n\t\t\t\t<div class=\"elementor-element elementor-element-41bf1b2 elementor-icon-list--layout-traditional elementor-list-item-link-full_width elementor-widget elementor-widget-icon-list\" data-id=\"41bf1b2\" data-element_type=\"widget\" data-widget_type=\"icon-list.default\">\n\t\t\t\t<div class=\"elementor-widget-container\">\n\t\t\t\t\t<ul class=\"elementor-icon-list-items\">\n\t\t\t\t\t\t\t<li class=\"elementor-icon-list-item\">\n\t\t\t\t\t\t\t\t\t\t<span class=\"elementor-icon-list-text\">Rub\u00e9n Acosta Saavedra<\/span>\n\t\t\t\t\t\t\t\t\t<\/li>\n\t\t\t\t\t\t\t\t<li class=\"elementor-icon-list-item\">\n\t\t\t\t\t\t\t\t\t\t<span class=\"elementor-icon-list-text\">Miguel Morales G\u00f3mez<\/span>\n\t\t\t\t\t\t\t\t\t<\/li>\n\t\t\t\t\t\t<\/ul>\n\t\t\t\t<\/div>\n\t\t\t\t<\/div>\n\t\t\t\t\t<\/div>\n\t\t<\/div>\n\t\t\t\t<div class=\"elementor-column elementor-col-33 elementor-inner-column elementor-element elementor-element-7006bc6\" data-id=\"7006bc6\" data-element_type=\"column\">\n\t\t\t<div class=\"elementor-widget-wrap elementor-element-populated\">\n\t\t\t\t\t\t<div class=\"elementor-element elementor-element-cc235d0 elementor-widget elementor-widget-image\" data-id=\"cc235d0\" data-element_type=\"widget\" data-widget_type=\"image.default\">\n\t\t\t\t<div class=\"elementor-widget-container\">\n\t\t\t\t\t\t\t\t\t\t\t\t\t<img fetchpriority=\"high\" decoding=\"async\" width=\"700\" height=\"467\" src=\"https:\/\/acostayasociados.mx\/wp-content\/uploads\/2024\/10\/IMG_1521.jpg\" class=\"attachment-large size-large wp-image-1481\" alt=\"\" srcset=\"https:\/\/acostayasociados.mx\/wp-content\/uploads\/2024\/10\/IMG_1521.jpg 700w, https:\/\/acostayasociados.mx\/wp-content\/uploads\/2024\/10\/IMG_1521-300x200.jpg 300w\" sizes=\"(max-width: 700px) 100vw, 700px\" \/>\t\t\t\t\t\t\t\t\t\t\t\t\t<\/div>\n\t\t\t\t<\/div>\n\t\t\t\t\t<\/div>\n\t\t<\/div>\n\t\t\t\t\t<\/div>\n\t\t<\/section>\n\t\t\t\t\t<\/div>\n\t\t<\/div>\n\t\t\t\t\t<\/div>\n\t\t<\/section>\n\t\t\t\t<\/div>\n\t\t","protected":false},"excerpt":{"rendered":"Acosta y Asociados Los abogados de Acosta &amp; Asociados, son egresados de la Universidad de Guadalajara, la Universidad Panamericana y del Instituto Tecnol\u00f3gico y de Estudios Superiores de Monterrey (ITESM), adem\u00e1s cuentan con estudios de especialidad y postgrado. Algunos de los miembros del despacho se desempe\u00f1an como catedr\u00e1ticos en la Universidad de Guadalajara, la Universidad ","protected":false},"author":1,"featured_media":0,"parent":0,"menu_order":0,"comment_status":"closed","ping_status":"closed","template":"elementor_header_footer","meta":{"_joinchat":[],"footnotes":""},"class_list":["post-1349","page","type-page","status-publish","hentry"],"yoast_head":"<!-- This site is optimized with the Yoast SEO plugin v23.7 - https:\/\/yoast.com\/wordpress\/plugins\/seo\/ -->\n<title>The team - Acosta y Asociados<\/title>\n<meta name=\"robots\" content=\"index, follow, max-snippet:-1, max-image-preview:large, max-video-preview:-1\" \/>\n<link rel=\"canonical\" href=\"https:\/\/acostayasociados.mx\/en\/the-team\/\" \/>\n<meta property=\"og:locale\" content=\"en_US\" \/>\n<meta property=\"og:type\" content=\"article\" \/>\n<meta property=\"og:title\" content=\"The team - Acosta y Asociados\" \/>\n<meta property=\"og:description\" content=\"Acosta y Asociados Los abogados de Acosta &amp; Asociados, son egresados de la Universidad de Guadalajara, la Universidad Panamericana y del Instituto Tecnol\u00f3gico y de Estudios Superiores de Monterrey (ITESM), adem\u00e1s cuentan con estudios de especialidad y postgrado. Algunos de los miembros del despacho se desempe\u00f1an como catedr\u00e1ticos en la Universidad de Guadalajara, la Universidad\" \/>\n<meta property=\"og:url\" content=\"https:\/\/acostayasociados.mx\/en\/the-team\/\" \/>\n<meta property=\"og:site_name\" content=\"Acosta y Asociados\" \/>\n<meta property=\"article:publisher\" content=\"https:\/\/www.facebook.com\/Acosta-Asociados-121002387973369\" \/>\n<meta property=\"article:modified_time\" content=\"2024-11-01T17:52:01+00:00\" \/>\n<meta property=\"og:image\" content=\"https:\/\/acostayasociados.mx\/wp-content\/uploads\/2024\/10\/IMG_1527.jpg\" \/>\n<meta name=\"twitter:card\" content=\"summary_large_image\" \/>\n<meta name=\"twitter:label1\" content=\"Est. reading time\" \/>\n\t<meta name=\"twitter:data1\" content=\"2 minutes\" \/>\n<script type=\"application\/ld+json\" class=\"yoast-schema-graph\">{\"@context\":\"https:\/\/schema.org\",\"@graph\":[{\"@type\":\"WebPage\",\"@id\":\"https:\/\/acostayasociados.mx\/en\/the-team\/\",\"url\":\"https:\/\/acostayasociados.mx\/en\/the-team\/\",\"name\":\"The team - Acosta y Asociados\",\"isPartOf\":{\"@id\":\"https:\/\/acostayasociados.mx\/#website\"},\"primaryImageOfPage\":{\"@id\":\"https:\/\/acostayasociados.mx\/en\/the-team\/#primaryimage\"},\"image\":{\"@id\":\"https:\/\/acostayasociados.mx\/en\/the-team\/#primaryimage\"},\"thumbnailUrl\":\"https:\/\/acostayasociados.mx\/wp-content\/uploads\/2024\/10\/IMG_1527.jpg\",\"datePublished\":\"2021-10-19T22:50:11+00:00\",\"dateModified\":\"2024-11-01T17:52:01+00:00\",\"breadcrumb\":{\"@id\":\"https:\/\/acostayasociados.mx\/en\/the-team\/#breadcrumb\"},\"inLanguage\":\"en-US\",\"potentialAction\":[{\"@type\":\"ReadAction\",\"target\":[\"https:\/\/acostayasociados.mx\/en\/the-team\/\"]}]},{\"@type\":\"ImageObject\",\"inLanguage\":\"en-US\",\"@id\":\"https:\/\/acostayasociados.mx\/en\/the-team\/#primaryimage\",\"url\":\"https:\/\/acostayasociados.mx\/wp-content\/uploads\/2024\/10\/IMG_1527.jpg\",\"contentUrl\":\"https:\/\/acostayasociados.mx\/wp-content\/uploads\/2024\/10\/IMG_1527.jpg\"},{\"@type\":\"BreadcrumbList\",\"@id\":\"https:\/\/acostayasociados.mx\/en\/the-team\/#breadcrumb\",\"itemListElement\":[{\"@type\":\"ListItem\",\"position\":1,\"name\":\"Portada\",\"item\":\"https:\/\/acostayasociados.mx\/en\/\"},{\"@type\":\"ListItem\",\"position\":2,\"name\":\"The team\"}]},{\"@type\":\"WebSite\",\"@id\":\"https:\/\/acostayasociados.mx\/#website\",\"url\":\"https:\/\/acostayasociados.mx\/\",\"name\":\"Acosta y Asociados\",\"description\":\"Servicios Legales especializados\",\"publisher\":{\"@id\":\"https:\/\/acostayasociados.mx\/#organization\"},\"potentialAction\":[{\"@type\":\"SearchAction\",\"target\":{\"@type\":\"EntryPoint\",\"urlTemplate\":\"https:\/\/acostayasociados.mx\/?s={search_term_string}\"},\"query-input\":{\"@type\":\"PropertyValueSpecification\",\"valueRequired\":true,\"valueName\":\"search_term_string\"}}],\"inLanguage\":\"en-US\"},{\"@type\":\"Organization\",\"@id\":\"https:\/\/acostayasociados.mx\/#organization\",\"name\":\"Acosta y Asociados\",\"url\":\"https:\/\/acostayasociados.mx\/\",\"logo\":{\"@type\":\"ImageObject\",\"inLanguage\":\"en-US\",\"@id\":\"https:\/\/acostayasociados.mx\/#\/schema\/logo\/image\/\",\"url\":\"https:\/\/acostayasociados.mx\/wp-content\/uploads\/2021\/10\/logotipo-acosta.jpeg\",\"contentUrl\":\"https:\/\/acostayasociados.mx\/wp-content\/uploads\/2021\/10\/logotipo-acosta.jpeg\",\"width\":311,\"height\":90,\"caption\":\"Acosta y Asociados\"},\"image\":{\"@id\":\"https:\/\/acostayasociados.mx\/#\/schema\/logo\/image\/\"},\"sameAs\":[\"https:\/\/www.facebook.com\/Acosta-Asociados-121002387973369\"]}]}<\/script>\n<!-- \/ Yoast SEO plugin. -->","yoast_head_json":{"title":"The team - Acosta y Asociados","robots":{"index":"index","follow":"follow","max-snippet":"max-snippet:-1","max-image-preview":"max-image-preview:large","max-video-preview":"max-video-preview:-1"},"canonical":"https:\/\/acostayasociados.mx\/en\/the-team\/","og_locale":"en_US","og_type":"article","og_title":"The team - Acosta y Asociados","og_description":"Acosta y Asociados Los abogados de Acosta &amp; Asociados, son egresados de la Universidad de Guadalajara, la Universidad Panamericana y del Instituto Tecnol\u00f3gico y de Estudios Superiores de Monterrey (ITESM), adem\u00e1s cuentan con estudios de especialidad y postgrado. Algunos de los miembros del despacho se desempe\u00f1an como catedr\u00e1ticos en la Universidad de Guadalajara, la Universidad","og_url":"https:\/\/acostayasociados.mx\/en\/the-team\/","og_site_name":"Acosta y Asociados","article_publisher":"https:\/\/www.facebook.com\/Acosta-Asociados-121002387973369","article_modified_time":"2024-11-01T17:52:01+00:00","og_image":[{"url":"https:\/\/acostayasociados.mx\/wp-content\/uploads\/2024\/10\/IMG_1527.jpg"}],"twitter_card":"summary_large_image","twitter_misc":{"Est. reading time":"2 minutes"},"schema":{"@context":"https:\/\/schema.org","@graph":[{"@type":"WebPage","@id":"https:\/\/acostayasociados.mx\/en\/the-team\/","url":"https:\/\/acostayasociados.mx\/en\/the-team\/","name":"The team - Acosta y Asociados","isPartOf":{"@id":"https:\/\/acostayasociados.mx\/#website"},"primaryImageOfPage":{"@id":"https:\/\/acostayasociados.mx\/en\/the-team\/#primaryimage"},"image":{"@id":"https:\/\/acostayasociados.mx\/en\/the-team\/#primaryimage"},"thumbnailUrl":"https:\/\/acostayasociados.mx\/wp-content\/uploads\/2024\/10\/IMG_1527.jpg","datePublished":"2021-10-19T22:50:11+00:00","dateModified":"2024-11-01T17:52:01+00:00","breadcrumb":{"@id":"https:\/\/acostayasociados.mx\/en\/the-team\/#breadcrumb"},"inLanguage":"en-US","potentialAction":[{"@type":"ReadAction","target":["https:\/\/acostayasociados.mx\/en\/the-team\/"]}]},{"@type":"ImageObject","inLanguage":"en-US","@id":"https:\/\/acostayasociados.mx\/en\/the-team\/#primaryimage","url":"https:\/\/acostayasociados.mx\/wp-content\/uploads\/2024\/10\/IMG_1527.jpg","contentUrl":"https:\/\/acostayasociados.mx\/wp-content\/uploads\/2024\/10\/IMG_1527.jpg"},{"@type":"BreadcrumbList","@id":"https:\/\/acostayasociados.mx\/en\/the-team\/#breadcrumb","itemListElement":[{"@type":"ListItem","position":1,"name":"Portada","item":"https:\/\/acostayasociados.mx\/en\/"},{"@type":"ListItem","position":2,"name":"The team"}]},{"@type":"WebSite","@id":"https:\/\/acostayasociados.mx\/#website","url":"https:\/\/acostayasociados.mx\/","name":"Acosta y Asociados","description":"Servicios Legales especializados","publisher":{"@id":"https:\/\/acostayasociados.mx\/#organization"},"potentialAction":[{"@type":"SearchAction","target":{"@type":"EntryPoint","urlTemplate":"https:\/\/acostayasociados.mx\/?s={search_term_string}"},"query-input":{"@type":"PropertyValueSpecification","valueRequired":true,"valueName":"search_term_string"}}],"inLanguage":"en-US"},{"@type":"Organization","@id":"https:\/\/acostayasociados.mx\/#organization","name":"Acosta y Asociados","url":"https:\/\/acostayasociados.mx\/","logo":{"@type":"ImageObject","inLanguage":"en-US","@id":"https:\/\/acostayasociados.mx\/#\/schema\/logo\/image\/","url":"https:\/\/acostayasociados.mx\/wp-content\/uploads\/2021\/10\/logotipo-acosta.jpeg","contentUrl":"https:\/\/acostayasociados.mx\/wp-content\/uploads\/2021\/10\/logotipo-acosta.jpeg","width":311,"height":90,"caption":"Acosta y Asociados"},"image":{"@id":"https:\/\/acostayasociados.mx\/#\/schema\/logo\/image\/"},"sameAs":["https:\/\/www.facebook.com\/Acosta-Asociados-121002387973369"]}]}},"_links":{"self":[{"href":"https:\/\/acostayasociados.mx\/en\/wp-json\/wp\/v2\/pages\/1349","targetHints":{"allow":["GET"]}}],"collection":[{"href":"https:\/\/acostayasociados.mx\/en\/wp-json\/wp\/v2\/pages"}],"about":[{"href":"https:\/\/acostayasociados.mx\/en\/wp-json\/wp\/v2\/types\/page"}],"author":[{"embeddable":true,"href":"https:\/\/acostayasociados.mx\/en\/wp-json\/wp\/v2\/users\/1"}],"replies":[{"embeddable":true,"href":"https:\/\/acostayasociados.mx\/en\/wp-json\/wp\/v2\/comments?post=1349"}],"version-history":[{"count":12,"href":"https:\/\/acostayasociados.mx\/en\/wp-json\/wp\/v2\/pages\/1349\/revisions"}],"predecessor-version":[{"id":1512,"href":"https:\/\/acostayasociados.mx\/en\/wp-json\/wp\/v2\/pages\/1349\/revisions\/1512"}],"wp:attachment":[{"href":"https:\/\/acostayasociados.mx\/en\/wp-json\/wp\/v2\/media?parent=1349"}],"curies":[{"name":"wp","href":"https:\/\/api.w.org\/{rel}","templated":true}]}}